{"id":575,"date":"2021-02-23T10:04:36","date_gmt":"2021-02-23T10:04:36","guid":{"rendered":"https:\/\/wwwrhonealpesbus.fr\/index.php\/about-us\/"},"modified":"2024-06-23T17:42:03","modified_gmt":"2024-06-23T15:42:03","slug":"about-us","status":"publish","type":"page","link":"https:\/\/rhonealpesbus.fr\/index.php\/about-us\/","title":{"rendered":"About Us"},"content":{"rendered":"\t\t<div data-elementor-type=\"wp-page\" data-elementor-id=\"575\" class=\"elementor elementor-575\">\n\t\t\t\t\t\t<section data-particle_enable=\"false\" data-particle-mobile-disabled=\"false\" class=\"elementor-section elementor-top-section elementor-element elementor-element-93fb180 elementor-section-height-min-height elementor-section-content-middle elementor-section-stretched elementor-section-boxed elementor-section-height-default elementor-section-items-middle elementor-invisible\" data-id=\"93fb180\" data-element_type=\"section\" data-e-type=\"section\" data-settings=\"{&quot;background_background&quot;:&quot;classic&quot;,&quot;animation&quot;:&quot;fadeInUp&quot;,&quot;stretch_section&quot;:&quot;section-stretched&quot;}\">\n\t\t\t\t\t\t\t<div class=\"elementor-background-overlay\"><\/div>\n\t\t\t\t\t\t\t<div class=\"elementor-container elementor-column-gap-default\">\n\t\t\t\t\t<div class=\"elementor-column elementor-col-100 elementor-top-column elementor-element elementor-element-0de4e79\" data-id=\"0de4e79\" data-element_type=\"column\" data-e-type=\"column\">\n\t\t\t<div class=\"elementor-widget-wrap elementor-element-populated\">\n\t\t\t\t\t\t<div class=\"elementor-element elementor-element-5ccdb75 elementor-widget elementor-widget-heading\" data-id=\"5ccdb75\" data-element_type=\"widget\" data-e-type=\"widget\" data-widget_type=\"heading.default\">\n\t\t\t\t<div class=\"elementor-widget-container\">\n\t\t\t\t\t<h1 class=\"elementor-heading-title elementor-size-default\">Qui Sommes-Nous ?<\/h1>\t\t\t\t<\/div>\n\t\t\t\t<\/div>\n\t\t\t\t\t<\/div>\n\t\t<\/div>\n\t\t\t\t\t<\/div>\n\t\t<\/section>\n\t\t<div data-particle_enable=\"false\" data-particle-mobile-disabled=\"false\" class=\"elementor-element elementor-element-ab677fb e-flex e-con-boxed e-con e-parent\" data-id=\"ab677fb\" data-element_type=\"container\" data-e-type=\"container\" data-settings=\"{&quot;background_background&quot;:&quot;classic&quot;}\">\n\t\t\t\t\t<div class=\"e-con-inner\">\n\t\t\t\t<div class=\"elementor-element elementor-element-d6ef66f elementor-widget__width-initial elementor-widget elementor-widget-heading\" data-id=\"d6ef66f\" data-element_type=\"widget\" data-e-type=\"widget\" data-widget_type=\"heading.default\">\n\t\t\t\t<div class=\"elementor-widget-container\">\n\t\t\t\t\t<h2 class=\"elementor-heading-title elementor-size-default\">Nous veillons \u00e0 ce que chacun de vos voyages soit confortable<\/h2>\t\t\t\t<\/div>\n\t\t\t\t<\/div>\n\t\t<div data-particle_enable=\"false\" data-particle-mobile-disabled=\"false\" class=\"elementor-element elementor-element-95edbb6 e-flex e-con-boxed e-con e-child\" data-id=\"95edbb6\" data-element_type=\"container\" data-e-type=\"container\">\n\t\t\t\t\t<div class=\"e-con-inner\">\n\t\t\t\t<div class=\"elementor-element elementor-element-364715d elementor-widget__width-initial elementor-widget elementor-widget-text-editor\" data-id=\"364715d\" data-element_type=\"widget\" data-e-type=\"widget\" data-widget_type=\"text-editor.default\">\n\t\t\t\t<div class=\"elementor-widget-container\">\n\t\t\t\t\t\t\t\t\t<p><span style=\"font-style: inherit; font-weight: inherit;\">Rh\u00f4ne Alpes Bus est une entreprise sp\u00e9cialis\u00e9e dans le transport en van et bus pour des clients VIP et exigeants \u00e0 Lyon. La soci\u00e9t\u00e9 propose une gamme de services haut de gamme, adapt\u00e9s aux besoins des clients les plus exigeants.<\/span><\/p><div class=\"markdown markdown-main-panel\" dir=\"ltr\"><p data-sourcepos=\"5:1-5:35\">\u00a0<\/p><p data-sourcepos=\"5:1-5:35\"><strong>Une flotte de v\u00e9hicules de luxe<\/strong><\/p><p data-sourcepos=\"7:1-7:213\">Rh\u00f4ne Alpes Bus dispose d&#8217;une flotte de v\u00e9hicules de luxe, r\u00e9centes et confortables. Les v\u00e9hicules sont \u00e9quip\u00e9s de toutes les derni\u00e8res technologies, telles que le Wi-Fi, la climatisation et des si\u00e8ges inclinables.<\/p><p data-sourcepos=\"9:1-9:27\">\u00a0<\/p><p data-sourcepos=\"9:1-9:27\"><strong>Un service personnalis\u00e9<\/strong><\/p><p data-sourcepos=\"11:1-11:162\">Rh\u00f4ne Alpes Bus propose un service personnalis\u00e9 \u00e0 ses clients. Les chauffeurs sont professionnels et exp\u00e9riment\u00e9s,\u00a0 ils sont \u00e0 l&#8217;\u00e9coute des besoins des clients.<\/p><p data-sourcepos=\"13:1-13:25\">\u00a0<\/p><p data-sourcepos=\"13:1-13:25\"><strong>Une s\u00e9curit\u00e9 optimale<\/strong><\/p><p data-sourcepos=\"15:1-15:173\">Rh\u00f4ne Alpes Bus met la s\u00e9curit\u00e9 de ses clients au premier plan. Les v\u00e9hicules sont r\u00e9guli\u00e8rement entretenus et les chauffeurs sont titulaires d&#8217;un permis de conduire valide.<\/p><p data-sourcepos=\"17:1-17:26\">\u00a0<\/p><p data-sourcepos=\"17:1-17:26\"><strong>Des tarifs comp\u00e9titifs<\/strong><\/p><p data-sourcepos=\"19:1-19:75\">Rh\u00f4ne Alpes Bus propose des tarifs comp\u00e9titifs, adapt\u00e9s \u00e0 tous les budgets.<\/p><p data-sourcepos=\"30:1-30:116\">\u00a0<\/p><\/div>\t\t\t\t\t\t\t\t<\/div>\n\t\t\t\t<\/div>\n\t\t\t\t\t<\/div>\n\t\t\t\t<\/div>\n\t\t\t\t\t<\/div>\n\t\t\t\t<\/div>\n\t\t<div data-particle_enable=\"false\" data-particle-mobile-disabled=\"false\" class=\"elementor-element elementor-element-868c215 e-flex e-con-boxed elementor-invisible e-con e-parent\" data-id=\"868c215\" data-element_type=\"container\" data-e-type=\"container\" data-settings=\"{&quot;animation&quot;:&quot;fadeIn&quot;}\">\n\t\t\t\t\t<div class=\"e-con-inner\">\n\t\t\t\t<div class=\"elementor-element elementor-element-3048e53 elementor-widget elementor-widget-heading\" data-id=\"3048e53\" data-element_type=\"widget\" data-e-type=\"widget\" data-widget_type=\"heading.default\">\n\t\t\t\t<div class=\"elementor-widget-container\">\n\t\t\t\t\t<h2 class=\"elementor-heading-title elementor-size-default\">Des chauffeurs exp\u00e9riment\u00e9s et form\u00e9s pour une client\u00e8le VIP<\/h2>\t\t\t\t<\/div>\n\t\t\t\t<\/div>\n\t\t\t\t<div class=\"elementor-element elementor-element-904ab8e elementor-widget elementor-widget-text-editor\" data-id=\"904ab8e\" data-element_type=\"widget\" data-e-type=\"widget\" data-widget_type=\"text-editor.default\">\n\t\t\t\t<div class=\"elementor-widget-container\">\n\t\t\t\t\t\t\t\t\t<p><b>Des chauffeurs de bus exp\u00e9riment\u00e9s et form\u00e9s pour une client\u00e8le exigeante \u00e0 Lyon et sa r\u00e9gion :<\/b><\/p><p>Vous recherchez un service de transport en bus fiable et de qualit\u00e9 pour votre entreprise ou votre \u00e9v\u00e9nement ? Vous \u00eates au bon endroit ! Nos chauffeurs de bus sont exp\u00e9riment\u00e9s et form\u00e9s pour r\u00e9pondre aux besoins des clients les plus exigeants.<\/p><p>\u00a0<\/p><p><b>Une exp\u00e9rience de conduite irr\u00e9prochable :<\/b><\/p><p>Nos chauffeurs de bus ont une exp\u00e9rience de conduite de plusieurs ann\u00e9es. Ils sont habitu\u00e9s \u00e0 circuler dans des environnements urbains et p\u00e9riurbains. Ils ma\u00eetrisent parfaitement les r\u00e8gles de la route et sont toujours \u00e0 l&#8217;\u00e9coute de leurs passagers.<\/p><p>\u00a0<\/p><p><b>Une formation continue :<\/b><\/p><p>Nos chauffeurs de bus sont r\u00e9guli\u00e8rement form\u00e9s aux derni\u00e8res normes de s\u00e9curit\u00e9. Ils sont \u00e9galement sensibilis\u00e9s aux besoins sp\u00e9cifiques des personnes \u00e0 mobilit\u00e9 r\u00e9duite.<\/p><p>\u00a0<\/p><p><b>Un service personnalis\u00e9 :<\/b><\/p><p>Nous nous engageons \u00e0 r\u00e9pondre \u00e0 vos besoins sp\u00e9cifiques. Nous pouvons vous proposer des services de transport adapt\u00e9s \u00e0 votre budget et \u00e0 votre calendrier.<\/p><p>Contactez-nous d\u00e8s aujourd&#8217;hui pour obtenir un devis gratuit.<\/p><p>Nous sommes \u00e0 votre disposition pour r\u00e9pondre \u00e0 toutes vos questions et vous aider \u00e0 organiser votre transport.<\/p>\t\t\t\t\t\t\t\t<\/div>\n\t\t\t\t<\/div>\n\t\t\t\t\t<\/div>\n\t\t\t\t<\/div>\n\t\t<div data-particle_enable=\"false\" data-particle-mobile-disabled=\"false\" class=\"elementor-element elementor-element-77f6c99 e-con-full e-flex elementor-invisible e-con e-parent\" data-id=\"77f6c99\" data-element_type=\"container\" data-e-type=\"container\" data-settings=\"{&quot;background_background&quot;:&quot;classic&quot;,&quot;animation&quot;:&quot;fadeInUp&quot;}\">\n\t\t<div data-particle_enable=\"false\" data-particle-mobile-disabled=\"false\" class=\"elementor-element elementor-element-1d671f7 e-con-full e-flex e-con e-child\" data-id=\"1d671f7\" data-element_type=\"container\" data-e-type=\"container\">\n\t\t\t\t<div class=\"elementor-element elementor-element-aa03b58 elementor-widget elementor-widget-heading\" data-id=\"aa03b58\" data-element_type=\"widget\" data-e-type=\"widget\" data-widget_type=\"heading.default\">\n\t\t\t\t<div class=\"elementor-widget-container\">\n\t\t\t\t\t<h4 class=\"elementor-heading-title elementor-size-default\">Voyagez avec nous d\u00e8s aujourd'hui.<\/h4>\t\t\t\t<\/div>\n\t\t\t\t<\/div>\n\t\t\t\t<div class=\"elementor-element elementor-element-2c93893 elementor-widget elementor-widget-heading\" data-id=\"2c93893\" data-element_type=\"widget\" data-e-type=\"widget\" data-widget_type=\"heading.default\">\n\t\t\t\t<div class=\"elementor-widget-container\">\n\t\t\t\t\t<h2 class=\"elementor-heading-title elementor-size-default\">Acc\u00e9dez Au Luxe Avec<br>Rhone Alpes Bus<\/h2>\t\t\t\t<\/div>\n\t\t\t\t<\/div>\n\t\t\t\t<div class=\"elementor-element elementor-element-6b721dd elementor-widget elementor-widget-text-editor\" data-id=\"6b721dd\" data-element_type=\"widget\" data-e-type=\"widget\" data-widget_type=\"text-editor.default\">\n\t\t\t\t<div class=\"elementor-widget-container\">\n\t\t\t\t\t\t\t\t\t<p>Ne ratez pas l&#8217;occasion de vivre un moment inoubliable avec vos proches. Nous sommes \u00e0 votre service pour toute demande, n&#8217;h\u00e9sitez pas \u00e0 nous contacter.<\/p>\t\t\t\t\t\t\t\t<\/div>\n\t\t\t\t<\/div>\n\t\t\t\t<div class=\"elementor-element elementor-element-e17a2f4 elementor-align-left elementor-mobile-align-center elementor-tablet-align-center elementor-widget elementor-widget-button\" data-id=\"e17a2f4\" data-element_type=\"widget\" data-e-type=\"widget\" data-widget_type=\"button.default\">\n\t\t\t\t<div class=\"elementor-widget-container\">\n\t\t\t\t\t\t\t\t\t<div class=\"elementor-button-wrapper\">\n\t\t\t\t\t<a class=\"elementor-button elementor-button-link elementor-size-xl\" href=\"https:\/\/rhonealpesbus.fr\/index.php\/contact\/\">\n\t\t\t\t\t\t<span class=\"elementor-button-content-wrapper\">\n\t\t\t\t\t\t\t\t\t<span class=\"elementor-button-text\">Contactez-Nous<\/span>\n\t\t\t\t\t<\/span>\n\t\t\t\t\t<\/a>\n\t\t\t\t<\/div>\n\t\t\t\t\t\t\t\t<\/div>\n\t\t\t\t<\/div>\n\t\t\t\t<\/div>\n\t\t\t\t<\/div>\n\t\t\t\t<\/div>\n\t\t","protected":false},"excerpt":{"rendered":"<p>Qui Sommes-Nous ? Nous veillons \u00e0 ce que chacun de vos voyages soit confortable Rh\u00f4ne Alpes Bus est une entreprise sp\u00e9cialis\u00e9e dans le transport en van et bus pour des clients VIP et exigeants \u00e0 Lyon. La soci\u00e9t\u00e9 propose une gamme de services haut de gamme, adapt\u00e9s aux besoins des clients les plus exigeants. \u00a0 [&hellip;]<\/p>\n","protected":false},"author":1,"featured_media":0,"parent":0,"menu_order":0,"comment_status":"closed","ping_status":"open","template":"","meta":{"om_disable_all_campaigns":false,"_monsterinsights_skip_tracking":false,"_monsterinsights_sitenote_active":false,"_monsterinsights_sitenote_note":"","_monsterinsights_sitenote_category":0,"site-sidebar-layout":"no-sidebar","site-content-layout":"page-builder","ast-site-content-layout":"","site-content-style":"default","site-sidebar-style":"default","ast-global-header-display":"","ast-banner-title-visibility":"","ast-main-header-display":"","ast-hfb-above-header-display":"","ast-hfb-below-header-display":"","ast-hfb-mobile-header-display":"","site-post-title":"disabled","ast-breadcrumbs-content":"disabled","ast-featured-img":"disabled","footer-sml-layout":"","theme-transparent-header-meta":"enabled","adv-header-id-meta":"","stick-header-meta":"","header-above-stick-meta":"","header-main-stick-meta":"","header-below-stick-meta":"","astra-migrate-meta-layouts":"default","ast-page-background-enabled":"default","ast-page-background-meta":{"desktop":{"background-color":"","background-image":"","background-repeat":"repeat","background-position":"center center","background-size":"auto","background-attachment":"scroll","background-type":"","background-media":"","overlay-type":"","overlay-color":"","overlay-gradient":""},"tablet":{"background-color":"","background-image":"","background-repeat":"repeat","background-position":"center center","background-size":"auto","background-attachment":"scroll","background-type":"","background-media":"","overlay-type":"","overlay-color":"","overlay-gradient":""},"mobile":{"background-color":"","background-image":"","background-repeat":"repeat","background-position":"center center","background-size":"auto","background-attachment":"scroll","background-type":"","background-media":"","overlay-type":"","overlay-color":"","overlay-gradient":""}},"ast-content-background-meta":{"desktop":{"background-color":"var(--ast-global-color-5)","background-image":"","background-repeat":"repeat","background-position":"center center","background-size":"auto","background-attachment":"scroll","background-type":"","background-media":"","overlay-type":"","overlay-color":"","overlay-gradient":""},"tablet":{"background-color":"var(--ast-global-color-5)","background-image":"","background-repeat":"repeat","background-position":"center center","background-size":"auto","background-attachment":"scroll","background-type":"","background-media":"","overlay-type":"","overlay-color":"","overlay-gradient":""},"mobile":{"background-color":"var(--ast-global-color-5)","background-image":"","background-repeat":"repeat","background-position":"center center","background-size":"auto","background-attachment":"scroll","background-type":"","background-media":"","overlay-type":"","overlay-color":"","overlay-gradient":""}},"footnotes":""},"class_list":["post-575","page","type-page","status-publish","hentry"],"aioseo_notices":[],"_links":{"self":[{"href":"https:\/\/rhonealpesbus.fr\/index.php\/wp-json\/wp\/v2\/pages\/575","targetHints":{"allow":["GET"]}}],"collection":[{"href":"https:\/\/rhonealpesbus.fr\/index.php\/wp-json\/wp\/v2\/pages"}],"about":[{"href":"https:\/\/rhonealpesbus.fr\/index.php\/wp-json\/wp\/v2\/types\/page"}],"author":[{"embeddable":true,"href":"https:\/\/rhonealpesbus.fr\/index.php\/wp-json\/wp\/v2\/users\/1"}],"replies":[{"embeddable":true,"href":"https:\/\/rhonealpesbus.fr\/index.php\/wp-json\/wp\/v2\/comments?post=575"}],"version-history":[{"count":0,"href":"https:\/\/rhonealpesbus.fr\/index.php\/wp-json\/wp\/v2\/pages\/575\/revisions"}],"wp:attachment":[{"href":"https:\/\/rhonealpesbus.fr\/index.php\/wp-json\/wp\/v2\/media?parent=575"}],"curies":[{"name":"wp","href":"https:\/\/api.w.org\/{rel}","templated":true}]}}