{"id":11988,"date":"2024-02-21T19:05:19","date_gmt":"2024-02-21T18:05:19","guid":{"rendered":"https:\/\/wwwrhonealpesbus.fr\/?page_id=11988"},"modified":"2024-06-23T17:43:14","modified_gmt":"2024-06-23T15:43:14","slug":"service","status":"publish","type":"page","link":"https:\/\/rhonealpesbus.fr\/index.php\/service\/","title":{"rendered":"Nos services"},"content":{"rendered":"\t\t<div data-elementor-type=\"wp-page\" data-elementor-id=\"11988\" class=\"elementor elementor-11988\">\n\t\t\t\t<div data-particle_enable=\"false\" data-particle-mobile-disabled=\"false\" class=\"elementor-element elementor-element-7cc9671 e-flex e-con-boxed e-con e-parent\" data-id=\"7cc9671\" data-element_type=\"container\" data-e-type=\"container\" data-settings=\"{&quot;background_background&quot;:&quot;classic&quot;}\">\n\t\t\t\t\t<div class=\"e-con-inner\">\n\t\t<div data-particle_enable=\"false\" data-particle-mobile-disabled=\"false\" class=\"elementor-element elementor-element-233a418 e-con-full e-flex e-con e-child\" data-id=\"233a418\" data-element_type=\"container\" data-e-type=\"container\">\n\t\t<header data-particle_enable=\"false\" data-particle-mobile-disabled=\"false\" class=\"elementor-element elementor-element-7db2664 e-con-full e-flex e-con e-child\" data-id=\"7db2664\" data-element_type=\"container\" data-e-type=\"container\">\n\t\t<div data-particle_enable=\"false\" data-particle-mobile-disabled=\"false\" class=\"elementor-element elementor-element-6fb3966 e-con-full e-flex e-con e-child\" data-id=\"6fb3966\" data-element_type=\"container\" data-e-type=\"container\">\n\t\t\t\t<div class=\"elementor-element elementor-element-bb71355 elementor-widget-tablet__width-initial elementor-widget-mobile__width-initial elementor-widget elementor-widget-heading\" data-id=\"bb71355\" data-element_type=\"widget\" data-e-type=\"widget\" data-widget_type=\"heading.default\">\n\t\t\t\t<div class=\"elementor-widget-container\">\n\t\t\t\t\t<h1 class=\"elementor-heading-title elementor-size-default\">Nos Services<\/h1>\t\t\t\t<\/div>\n\t\t\t\t<\/div>\n\t\t\t\t<\/div>\n\t\t\t\t<\/header>\n\t\t<div data-particle_enable=\"false\" data-particle-mobile-disabled=\"false\" class=\"elementor-element elementor-element-949de28 e-con-full e-flex e-con e-child\" data-id=\"949de28\" data-element_type=\"container\" data-e-type=\"container\">\n\t\t<div data-particle_enable=\"false\" data-particle-mobile-disabled=\"false\" class=\"elementor-element elementor-element-ec379b8 e-con-full e-flex e-con e-child\" data-id=\"ec379b8\" data-element_type=\"container\" data-e-type=\"container\">\n\t\t\t\t<div class=\"elementor-element elementor-element-6c2b9c2 elementor-widget elementor-widget-spacer\" data-id=\"6c2b9c2\" data-element_type=\"widget\" data-e-type=\"widget\" data-widget_type=\"spacer.default\">\n\t\t\t\t<div class=\"elementor-widget-container\">\n\t\t\t\t\t\t\t<div class=\"elementor-spacer\">\n\t\t\t<div class=\"elementor-spacer-inner\"><\/div>\n\t\t<\/div>\n\t\t\t\t\t\t<\/div>\n\t\t\t\t<\/div>\n\t\t\t\t<div class=\"elementor-element elementor-element-8f80981 elementor-widget elementor-widget-text-editor\" data-id=\"8f80981\" data-element_type=\"widget\" data-e-type=\"widget\" data-widget_type=\"text-editor.default\">\n\t\t\t\t<div class=\"elementor-widget-container\">\n\t\t\t\t\t\t\t\t\t<p>B\u00e9n\u00e9ficiez d&#8217;un service VIP chauffeur en bus dans la r\u00e9gion Rh\u00f4ne-Alpes, notamment \u00e0 Lyon. Nos v\u00e9hicules de luxe sont \u00e9quip\u00e9s de tout le n\u00e9cessaire pour un trajet agr\u00e9able et confortable, que ce soit pour un \u00e9v\u00e9nement professionnel ou un voyage priv\u00e9.<\/p>\t\t\t\t\t\t\t\t<\/div>\n\t\t\t\t<\/div>\n\t\t\t\t<\/div>\n\t\t\t\t<\/div>\n\t\t\t\t<\/div>\n\t\t\t\t\t<\/div>\n\t\t\t\t<\/div>\n\t\t<section data-particle_enable=\"false\" data-particle-mobile-disabled=\"false\" class=\"elementor-element elementor-element-628b27f e-flex e-con-boxed elementor-invisible e-con e-parent\" data-id=\"628b27f\" data-element_type=\"container\" data-e-type=\"container\" data-settings=\"{&quot;background_background&quot;:&quot;classic&quot;,&quot;animation&quot;:&quot;fadeInUp&quot;}\">\n\t\t\t\t\t<div class=\"e-con-inner\">\n\t\t<div data-particle_enable=\"false\" data-particle-mobile-disabled=\"false\" class=\"elementor-element elementor-element-56094eb e-con-full e-flex e-con e-child\" data-id=\"56094eb\" data-element_type=\"container\" data-e-type=\"container\">\n\t\t\t\t<div class=\"elementor-element elementor-element-3b85ffc elementor-widget elementor-widget-heading\" data-id=\"3b85ffc\" data-element_type=\"widget\" data-e-type=\"widget\" data-widget_type=\"heading.default\">\n\t\t\t\t<div class=\"elementor-widget-container\">\n\t\t\t\t\t<h2 class=\"elementor-heading-title elementor-size-default\">Transport VIP Lyon : l'excellence au service de vos d\u00e9placements<\/h2>\t\t\t\t<\/div>\n\t\t\t\t<\/div>\n\t\t<div data-particle_enable=\"false\" data-particle-mobile-disabled=\"false\" class=\"elementor-element elementor-element-7317138 e-con-full e-flex e-con e-child\" data-id=\"7317138\" data-element_type=\"container\" data-e-type=\"container\">\n\t\t<div data-particle_enable=\"false\" data-particle-mobile-disabled=\"false\" class=\"elementor-element elementor-element-6226065 e-con-full e-flex e-con e-child\" data-id=\"6226065\" data-element_type=\"container\" data-e-type=\"container\">\n\t\t\t\t<div class=\"elementor-element elementor-element-0dc6143 elementor-widget-divider--view-line elementor-widget elementor-widget-divider\" data-id=\"0dc6143\" data-element_type=\"widget\" data-e-type=\"widget\" data-widget_type=\"divider.default\">\n\t\t\t\t<div class=\"elementor-widget-container\">\n\t\t\t\t\t\t\t<div class=\"elementor-divider\">\n\t\t\t<span class=\"elementor-divider-separator\">\n\t\t\t\t\t\t<\/span>\n\t\t<\/div>\n\t\t\t\t\t\t<\/div>\n\t\t\t\t<\/div>\n\t\t\t\t<div class=\"elementor-element elementor-element-884287c elementor-widget elementor-widget-heading\" data-id=\"884287c\" data-element_type=\"widget\" data-e-type=\"widget\" data-widget_type=\"heading.default\">\n\t\t\t\t<div class=\"elementor-widget-container\">\n\t\t\t\t\t<h3 class=\"elementor-heading-title elementor-size-default\">Bus de luxe VIP <\/h3>\t\t\t\t<\/div>\n\t\t\t\t<\/div>\n\t\t\t\t<div class=\"elementor-element elementor-element-320aaf6 elementor-widget elementor-widget-text-editor\" data-id=\"320aaf6\" data-element_type=\"widget\" data-e-type=\"widget\" data-widget_type=\"text-editor.default\">\n\t\t\t\t<div class=\"elementor-widget-container\">\n\t\t\t\t\t\t\t\t\t<p data-sourcepos=\"1:1-1:68\"><strong>Rh\u00f4ne Alpes Bus : votre transport de luxe vers Lyon et sa r\u00e9gion :<\/strong><\/p><p data-sourcepos=\"3:1-3:186\">Rh\u00f4ne Alpes Bus, c&#8217;est la solution id\u00e9ale pour vos d\u00e9placements vers Lyon et sa r\u00e9gion. Avec ses bus grand confort et luxueux, la soci\u00e9t\u00e9 vous garantit un voyage agr\u00e9able et sans stress.<\/p><p data-sourcepos=\"5:1-5:41\"><strong>\u00a0<\/strong><\/p><p data-sourcepos=\"5:1-5:41\"><strong>Des bus \u00e0 la pointe de la technologie :<\/strong><\/p><p data-sourcepos=\"7:1-7:279\">Les bus Rh\u00f4ne Alpes Bus sont \u00e9quip\u00e9s des derni\u00e8res technologies pour vous offrir un voyage confortable et s\u00e9curis\u00e9. Vous profiterez d&#8217;un syst\u00e8me de climatisation, de si\u00e8ges inclinables, d&#8217;un acc\u00e8s Wi-Fi gratuit, de prises \u00e9lectriques pour recharger vos appareils \u00e9lectroniques,\u00a0d&#8217;\u00e9crans individuels et d&#8217;un service de restauration \u00e0 bord.<\/p><p data-sourcepos=\"9:1-9:25\"><strong>\u00a0<\/strong><\/p><p data-sourcepos=\"9:1-9:25\"><strong>Un service de qualit\u00e9 :<\/strong><\/p><p data-sourcepos=\"11:1-11:163\">Le personnel de Rh\u00f4ne Alpes Bus est \u00e0 votre disposition pour vous aider et vous renseigner. Vous b\u00e9n\u00e9ficierez d&#8217;un service de qualit\u00e9 tout au long de votre voyage.<\/p><p data-sourcepos=\"13:1-13:53\"><strong>\u00a0<\/strong><\/p><p data-sourcepos=\"13:1-13:53\"><strong>Des liaisons vers les gares, l&#8217;a\u00e9roport de Lyon et sa r\u00e9gion :<\/strong><\/p><p data-sourcepos=\"15:1-15:173\">Rh\u00f4ne Alpes Bus assure des liaisons r\u00e9guli\u00e8res vers les gares et l&#8217;a\u00e9roport de Lyon. Vous pouvez rejoindre facilement votre destination, quel que soit votre point de d\u00e9part.<\/p><p data-sourcepos=\"7:1-7:240\">Nous proposons aussi des liaisons r\u00e9guli\u00e8res vers les grandes villes de la r\u00e9gion, notamment Lyon , Grenoble, Dijon, Clermont-Ferrand, Valence et Vienne.<\/p><p data-sourcepos=\"7:1-7:240\"><strong>\u00a0<\/strong><\/p><p data-sourcepos=\"7:1-7:240\"><strong>Un transport pour vos s\u00e9minaire et soir\u00e9es priv\u00e9es :<\/strong><\/p><p>Pour vos s\u00e9minaires et soir\u00e9es priv\u00e9es \u00e0 Lyon et sa r\u00e9gion, faites confiance \u00e0 Rh\u00f4ne Alpes Bus. Nous vous proposons un service de transport haut de gamme, adapt\u00e9es \u00e0 vos besoins et \u00e0 votre budget.<\/p><p data-sourcepos=\"7:1-7:78\"><strong>Nous vous proposons une large gamme de v\u00e9hicules, adapt\u00e9s \u00e0 tous vos besoins :<\/strong><\/p><p>Minibus jusqu&#8217;\u00e0 19 places<\/p><p>Autocar jusqu&#8217;\u00e0 60 places<\/p><p data-sourcepos=\"12:1-12:148\">Nos chauffeurs professionnels sont exp\u00e9riment\u00e9s et courtois. Ils vous conduiront \u00e0 votre destination en toute s\u00e9curit\u00e9 et dans les meilleurs d\u00e9lais.<\/p><p data-sourcepos=\"17:1-17:83\">\u00a0<\/p>\t\t\t\t\t\t\t\t<\/div>\n\t\t\t\t<\/div>\n\t\t\t\t<\/div>\n\t\t\t\t<\/div>\n\t\t<div data-particle_enable=\"false\" data-particle-mobile-disabled=\"false\" class=\"elementor-element elementor-element-80449e7 e-con-full e-flex e-con e-child\" data-id=\"80449e7\" data-element_type=\"container\" data-e-type=\"container\">\n\t\t<div data-particle_enable=\"false\" data-particle-mobile-disabled=\"false\" class=\"elementor-element elementor-element-1d84695 e-con-full e-flex e-con e-child\" data-id=\"1d84695\" data-element_type=\"container\" data-e-type=\"container\">\n\t\t\t\t<div class=\"elementor-element elementor-element-27c2ed7 elementor-widget-divider--view-line elementor-widget elementor-widget-divider\" data-id=\"27c2ed7\" data-element_type=\"widget\" data-e-type=\"widget\" data-widget_type=\"divider.default\">\n\t\t\t\t<div class=\"elementor-widget-container\">\n\t\t\t\t\t\t\t<div class=\"elementor-divider\">\n\t\t\t<span class=\"elementor-divider-separator\">\n\t\t\t\t\t\t<\/span>\n\t\t<\/div>\n\t\t\t\t\t\t<\/div>\n\t\t\t\t<\/div>\n\t\t\t\t<\/div>\n\t\t\t\t<\/div>\n\t\t\t\t<\/div>\n\t\t\t\t\t<\/div>\n\t\t\t\t<\/section>\n\t\t<section data-particle_enable=\"false\" data-particle-mobile-disabled=\"false\" class=\"elementor-element elementor-element-b582d11 e-flex e-con-boxed elementor-invisible e-con e-parent\" data-id=\"b582d11\" data-element_type=\"container\" data-e-type=\"container\" data-settings=\"{&quot;background_background&quot;:&quot;classic&quot;,&quot;animation&quot;:&quot;fadeInUp&quot;}\">\n\t\t\t\t\t<div class=\"e-con-inner\">\n\t\t<div data-particle_enable=\"false\" data-particle-mobile-disabled=\"false\" class=\"elementor-element elementor-element-b91c6a5 e-con-full e-flex e-con e-child\" data-id=\"b91c6a5\" data-element_type=\"container\" data-e-type=\"container\">\n\t\t<div data-particle_enable=\"false\" data-particle-mobile-disabled=\"false\" class=\"elementor-element elementor-element-afa0ad4 e-con-full e-flex e-con e-child\" data-id=\"afa0ad4\" data-element_type=\"container\" data-e-type=\"container\">\n\t\t<div data-particle_enable=\"false\" data-particle-mobile-disabled=\"false\" class=\"elementor-element elementor-element-f6234fc e-con-full e-flex e-con e-child\" data-id=\"f6234fc\" data-element_type=\"container\" data-e-type=\"container\">\n\t\t\t\t<div class=\"elementor-element elementor-element-188f6a8 elementor-widget elementor-widget-heading\" data-id=\"188f6a8\" data-element_type=\"widget\" data-e-type=\"widget\" data-widget_type=\"heading.default\">\n\t\t\t\t<div class=\"elementor-widget-container\">\n\t\t\t\t\t<h2 class=\"elementor-heading-title elementor-size-default\">S\u00e9r\u00e9nit\u00e9 et plaisir en bus, pour un voyage inoubliable<\/h2>\t\t\t\t<\/div>\n\t\t\t\t<\/div>\n\t\t\t\t<div class=\"elementor-element elementor-element-84285cd elementor-widget elementor-widget-heading\" data-id=\"84285cd\" data-element_type=\"widget\" data-e-type=\"widget\" data-widget_type=\"heading.default\">\n\t\t\t\t<div class=\"elementor-widget-container\">\n\t\t\t\t\t<h3 class=\"elementor-heading-title elementor-size-default\">Le bus, un moyen de transport id\u00e9al pour une escapade inoubliable \u00e0 Lyon<\/h3>\t\t\t\t<\/div>\n\t\t\t\t<\/div>\n\t\t\t\t<\/div>\n\t\t\t\t<\/div>\n\t\t<div data-particle_enable=\"false\" data-particle-mobile-disabled=\"false\" class=\"elementor-element elementor-element-e846d0e e-con-full e-flex e-con e-child\" data-id=\"e846d0e\" data-element_type=\"container\" data-e-type=\"container\">\n\t\t<div data-particle_enable=\"false\" data-particle-mobile-disabled=\"false\" class=\"elementor-element elementor-element-4fed0a4 e-con-full e-flex e-con e-child\" data-id=\"4fed0a4\" data-element_type=\"container\" data-e-type=\"container\">\n\t\t\t\t<div class=\"elementor-element elementor-element-f5acaaa elementor-mobile-align-center elementor-align-center elementor-widget elementor-widget-button\" data-id=\"f5acaaa\" data-element_type=\"widget\" data-e-type=\"widget\" data-widget_type=\"button.default\">\n\t\t\t\t<div class=\"elementor-widget-container\">\n\t\t\t\t\t\t\t\t\t<div class=\"elementor-button-wrapper\">\n\t\t\t\t\t<a class=\"elementor-button elementor-button-link elementor-size-xl\" href=\"https:\/\/rhonealpesbus.fr\/index.php\/contact\/\">\n\t\t\t\t\t\t<span class=\"elementor-button-content-wrapper\">\n\t\t\t\t\t\t<span class=\"elementor-button-icon\">\n\t\t\t\t<svg aria-hidden=\"true\" class=\"e-font-icon-svg e-fas-file-invoice\" viewBox=\"0 0 384 512\" xmlns=\"http:\/\/www.w3.org\/2000\/svg\"><path d=\"M288 256H96v64h192v-64zm89-151L279.1 7c-4.5-4.5-10.6-7-17-7H256v128h128v-6.1c0-6.3-2.5-12.4-7-16.9zm-153 31V0H24C10.7 0 0 10.7 0 24v464c0 13.3 10.7 24 24 24h336c13.3 0 24-10.7 24-24V160H248c-13.2 0-24-10.8-24-24zM64 72c0-4.42 3.58-8 8-8h80c4.42 0 8 3.58 8 8v16c0 4.42-3.58 8-8 8H72c-4.42 0-8-3.58-8-8V72zm0 64c0-4.42 3.58-8 8-8h80c4.42 0 8 3.58 8 8v16c0 4.42-3.58 8-8 8H72c-4.42 0-8-3.58-8-8v-16zm256 304c0 4.42-3.58 8-8 8h-80c-4.42 0-8-3.58-8-8v-16c0-4.42 3.58-8 8-8h80c4.42 0 8 3.58 8 8v16zm0-200v96c0 8.84-7.16 16-16 16H80c-8.84 0-16-7.16-16-16v-96c0-8.84 7.16-16 16-16h224c8.84 0 16 7.16 16 16z\"><\/path><\/svg>\t\t\t<\/span>\n\t\t\t\t\t\t\t\t\t<span class=\"elementor-button-text\">Demande de devis<\/span>\n\t\t\t\t\t<\/span>\n\t\t\t\t\t<\/a>\n\t\t\t\t<\/div>\n\t\t\t\t\t\t\t\t<\/div>\n\t\t\t\t<\/div>\n\t\t\t\t<\/div>\n\t\t<div data-particle_enable=\"false\" data-particle-mobile-disabled=\"false\" class=\"elementor-element elementor-element-0fbf8c3 e-con-full e-flex e-con e-child\" data-id=\"0fbf8c3\" data-element_type=\"container\" data-e-type=\"container\">\n\t\t\t\t<div class=\"elementor-element elementor-element-6c66b50 elementor-widget elementor-widget-heading\" data-id=\"6c66b50\" data-element_type=\"widget\" data-e-type=\"widget\" data-widget_type=\"heading.default\">\n\t\t\t\t<div class=\"elementor-widget-container\">\n\t\t\t\t\t<h6 class=\"elementor-heading-title elementor-size-default\">Appelez nous :<\/h6>\t\t\t\t<\/div>\n\t\t\t\t<\/div>\n\t\t\t\t<div class=\"elementor-element elementor-element-99930df elementor-widget elementor-widget-heading\" data-id=\"99930df\" data-element_type=\"widget\" data-e-type=\"widget\" data-widget_type=\"heading.default\">\n\t\t\t\t<div class=\"elementor-widget-container\">\n\t\t\t\t\t<h3 class=\"elementor-heading-title elementor-size-default\"><a href=\"tel:+33%206%2061%2088%2040%2003\">+33 6 61 88 40 03<\/a><\/h3>\t\t\t\t<\/div>\n\t\t\t\t<\/div>\n\t\t\t\t<\/div>\n\t\t\t\t<\/div>\n\t\t\t\t<\/div>\n\t\t\t\t\t<\/div>\n\t\t\t\t<\/section>\n\t\t\t\t<\/div>\n\t\t","protected":false},"excerpt":{"rendered":"<p>Nos Services B\u00e9n\u00e9ficiez d&#8217;un service VIP chauffeur en bus dans la r\u00e9gion Rh\u00f4ne-Alpes, notamment \u00e0 Lyon. Nos v\u00e9hicules de luxe sont \u00e9quip\u00e9s de tout le n\u00e9cessaire pour un trajet agr\u00e9able et confortable, que ce soit pour un \u00e9v\u00e9nement professionnel ou un voyage priv\u00e9. Transport VIP Lyon : l&#8217;excellence au service de vos d\u00e9placements Bus de [&hellip;]<\/p>\n","protected":false},"author":2,"featured_media":0,"parent":0,"menu_order":0,"comment_status":"closed","ping_status":"closed","template":"elementor_header_footer","meta":{"om_disable_all_campaigns":false,"_monsterinsights_skip_tracking":false,"_monsterinsights_sitenote_active":false,"_monsterinsights_sitenote_note":"","_monsterinsights_sitenote_category":0,"site-sidebar-layout":"no-sidebar","site-content-layout":"page-builder","ast-site-content-layout":"full-width-container","site-content-style":"unboxed","site-sidebar-style":"unboxed","ast-global-header-display":"","ast-banner-title-visibility":"","ast-main-header-display":"","ast-hfb-above-header-display":"","ast-hfb-below-header-display":"","ast-hfb-mobile-header-display":"","site-post-title":"disabled","ast-breadcrumbs-content":"","ast-featured-img":"disabled","footer-sml-layout":"","theme-transparent-header-meta":"","adv-header-id-meta":"","stick-header-meta":"","header-above-stick-meta":"","header-main-stick-meta":"","header-below-stick-meta":"","astra-migrate-meta-layouts":"set","ast-page-background-enabled":"default","ast-page-background-meta":{"desktop":{"background-color":"","background-image":"","background-repeat":"repeat","background-position":"center center","background-size":"auto","background-attachment":"scroll","background-type":"","background-media":"","overlay-type":"","overlay-color":"","overlay-gradient":""},"tablet":{"background-color":"","background-image":"","background-repeat":"repeat","background-position":"center center","background-size":"auto","background-attachment":"scroll","background-type":"","background-media":"","overlay-type":"","overlay-color":"","overlay-gradient":""},"mobile":{"background-color":"","background-image":"","background-repeat":"repeat","background-position":"center center","background-size":"auto","background-attachment":"scroll","background-type":"","background-media":"","overlay-type":"","overlay-color":"","overlay-gradient":""}},"ast-content-background-meta":{"desktop":{"background-color":"var(--ast-global-color-5)","background-image":"","background-repeat":"repeat","background-position":"center center","background-size":"auto","background-attachment":"scroll","background-type":"","background-media":"","overlay-type":"","overlay-color":"","overlay-gradient":""},"tablet":{"background-color":"var(--ast-global-color-5)","background-image":"","background-repeat":"repeat","background-position":"center center","background-size":"auto","background-attachment":"scroll","background-type":"","background-media":"","overlay-type":"","overlay-color":"","overlay-gradient":""},"mobile":{"background-color":"var(--ast-global-color-5)","background-image":"","background-repeat":"repeat","background-position":"center center","background-size":"auto","background-attachment":"scroll","background-type":"","background-media":"","overlay-type":"","overlay-color":"","overlay-gradient":""}},"footnotes":""},"class_list":["post-11988","page","type-page","status-publish","hentry"],"aioseo_notices":[],"_links":{"self":[{"href":"https:\/\/rhonealpesbus.fr\/index.php\/wp-json\/wp\/v2\/pages\/11988","targetHints":{"allow":["GET"]}}],"collection":[{"href":"https:\/\/rhonealpesbus.fr\/index.php\/wp-json\/wp\/v2\/pages"}],"about":[{"href":"https:\/\/rhonealpesbus.fr\/index.php\/wp-json\/wp\/v2\/types\/page"}],"author":[{"embeddable":true,"href":"https:\/\/rhonealpesbus.fr\/index.php\/wp-json\/wp\/v2\/users\/2"}],"replies":[{"embeddable":true,"href":"https:\/\/rhonealpesbus.fr\/index.php\/wp-json\/wp\/v2\/comments?post=11988"}],"version-history":[{"count":0,"href":"https:\/\/rhonealpesbus.fr\/index.php\/wp-json\/wp\/v2\/pages\/11988\/revisions"}],"wp:attachment":[{"href":"https:\/\/rhonealpesbus.fr\/index.php\/wp-json\/wp\/v2\/media?parent=11988"}],"curies":[{"name":"wp","href":"https:\/\/api.w.org\/{rel}","templated":true}]}}